{"id":988303,"date":"2024-09-06T11:17:22","date_gmt":"2024-09-06T11:17:22","guid":{"rendered":"https:\/\/coreana.ro\/?post_type=product&#038;p=988303"},"modified":"2025-05-01T00:29:07","modified_gmt":"2025-05-01T00:29:07","slug":"rutina-basic-dr-misimou","status":"publish","type":"product","link":"https:\/\/coreana.ro\/ro_ro\/product\/rutina-basic-dr-misimou\/","title":{"rendered":"Rutin\u0103 basic Dr Misimou"},"content":{"rendered":"","protected":false},"excerpt":{"rendered":"<p><strong>Con\u021binut Pachet Rutin\u0103 Basic:<\/strong><\/p>\n<p>1x <strong>W.O.W RE:BOOSTER Cleanser (Spuma 100ml\/ Gel 120 ml) <\/strong><br \/>\nla alegere &#8211; 140 lei<\/p>\n<p>1x <a href=\"https:\/\/coreana.ro\/product\/w-o-w-rebooster-peeling-gel\/\"><strong>W.O.W RE:BOOSTER Peeling Gel (50 ml)<\/strong><\/a> &#8211; 240 lei<\/p>\n<p>1x <a href=\"https:\/\/coreana.ro\/product\/w-o-w-rebooster-vr-toner\/\"><strong>W.O.W RE:BOOSTER VR Toner (100 ml)<\/strong><\/a> &#8211; 320 lei<\/p>\n<p>1x <a href=\"https:\/\/coreana.ro\/product\/w-o-w-rebooster-o2-caviar-serum-ad\/\"><strong>W.O.W RE:Booster O2 Caviar Serum Ad (30 ml\/100 ml)<\/strong><\/a> &#8211; (seara)<\/p>\n<p>1x <a href=\"https:\/\/coreana.ro\/product\/w-o-w-rebooster-ql-cream\/\"><strong>W.O.W RE:BOOSTER QL Cream (30 ml)<\/strong><\/a> &#8211; 180 lei (diminea\u021ba)<\/p>\n<p><strong>Rutina Dr. Misimou<\/strong><\/p>\n<p>Cele mai a\u0219teptate cosmetice cu efect imediat, pe baz\u0103 de caviar, au ajuns \u00een Rom\u00e2nia prin @coreana.ro.<\/p>\n<p>Efect antioxidant puternic, lifting imediat.<\/p>\n<p>1. Cleanser spum\u0103 sau gel (spuma este de hidratare \u0219i gelul este hipoalergenic pentru ten sensibil, u\u0219or exfoliant)<\/p>\n<p>2. Peeling (se \u00eentinde pe fa\u021b\u0103 \u0219i se las\u0103 s\u0103 ac\u021bioneze 1 minut, dup\u0103 care se spal\u0103 cu ap\u0103 rece)<\/p>\n<p>3. Toner (se pulverizeaz\u0103 pe toat\u0103 fa\u021ba \u0219i se las\u0103 la uscat)<\/p>\n<p>4. Booster (la fel ca tonerul)<\/p>\n<p>5. Crem\u0103 de ochi<\/p>\n<p>6. Ser caviar (de preferat folosit seara, deoarece este pu\u021bin lipicios; peste el nu se mai folose\u0219te nimic altceva. Se aerise\u0219te \u0219i se albe\u0219te, apoi devine din nou incolor. C\u00e2nd revine incolor, se maseaz\u0103 circular u\u0219or pe fa\u021b\u0103 \u0219i se tapoteaz\u0103 cu buricele degetelor).<\/p>\n<p>6.1. Crem\u0103 de fa\u021b\u0103 cu caviar (recomandat\u0103 pentru zi, \u00eenainte de machiaj)<\/p>\n<p><strong>Ultimul pas se schimb\u0103:<\/strong> SEARA se folose\u0219te serul caviar, iar ZIUA crema.<\/p>\n<p>Gama este potrivit\u0103 pentru orice tip de ten \u0219i poate fi folosit\u0103 cu \u00eencredere de persoanele cu ten sensibil, femei \u00eens\u0103rcinate \u0219i care al\u0103pteaz\u0103.<\/p>\n<p><strong>Ingrediente naturale:<\/strong> caviar, l\u0103pti\u0219or de matc\u0103, extract de Centella Asiatica, ap\u0103 de flori de trandafir de Damasc, ulei din semin\u021be de jojoba, niacinamide.<\/p>\n<p>Rutina este conceput\u0103 s\u0103 ajung\u0103 aproximativ 3 luni.<\/p>\n","protected":false},"featured_media":988348,"template":"","meta":[],"product_cat":[109],"product_tag":[],"class_list":{"0":"post-988303","1":"product","2":"type-product","3":"status-publish","4":"has-post-thumbnail","6":"product_cat-dr-misimou","8":"first","9":"instock","10":"shipping-taxable","11":"purchasable","12":"product-type-variable"},"_links":{"self":[{"href":"https:\/\/coreana.ro\/ro_ro\/wp-json\/wp\/v2\/product\/988303","targetHints":{"allow":["GET"]}}],"collection":[{"href":"https:\/\/coreana.ro\/ro_ro\/wp-json\/wp\/v2\/product"}],"about":[{"href":"https:\/\/coreana.ro\/ro_ro\/wp-json\/wp\/v2\/types\/product"}],"version-history":[{"count":19,"href":"https:\/\/coreana.ro\/ro_ro\/wp-json\/wp\/v2\/product\/988303\/revisions"}],"predecessor-version":[{"id":988650,"href":"https:\/\/coreana.ro\/ro_ro\/wp-json\/wp\/v2\/product\/988303\/revisions\/988650"}],"wp:featuredmedia":[{"embeddable":true,"href":"https:\/\/coreana.ro\/ro_ro\/wp-json\/wp\/v2\/media\/988348"}],"wp:attachment":[{"href":"https:\/\/coreana.ro\/ro_ro\/wp-json\/wp\/v2\/media?parent=988303"}],"wp:term":[{"taxonomy":"product_cat","embeddable":true,"href":"https:\/\/coreana.ro\/ro_ro\/wp-json\/wp\/v2\/product_cat?post=988303"},{"taxonomy":"product_tag","embeddable":true,"href":"https:\/\/coreana.ro\/ro_ro\/wp-json\/wp\/v2\/product_tag?post=988303"}],"curies":[{"name":"wp","href":"https:\/\/api.w.org\/{rel}","templated":true}]}}