{"id":987761,"date":"2024-08-15T14:52:59","date_gmt":"2024-08-15T14:52:59","guid":{"rendered":"https:\/\/coreana.ro\/?post_type=product&#038;p=987761"},"modified":"2024-09-12T08:33:22","modified_gmt":"2024-09-12T08:33:22","slug":"coreana-biocos-prestige-glutathione-collagen-gold-cleansing-foam","status":"publish","type":"product","link":"https:\/\/coreana.ro\/ro_ro\/product\/coreana-biocos-prestige-glutathione-collagen-gold-cleansing-foam\/","title":{"rendered":"Coreana Biocos Prestige Glutathione Collagen Gold Cleansing foam"},"content":{"rendered":"\t\t<div data-elementor-type=\"product-post\" data-elementor-id=\"987761\" class=\"elementor elementor-987761\" data-elementor-post-type=\"product\">\n\t\t\t\t\t\t<section class=\"elementor-section elementor-top-section elementor-element elementor-element-e4880d elementor-section-boxed elementor-section-height-default elementor-section-height-default\" data-id=\"e4880d\" data-element_type=\"section\">\n\t\t\t\t\t\t<div class=\"elementor-container elementor-column-gap-no\">\n\t\t\t\t\t<div class=\"elementor-column elementor-col-50 elementor-top-column elementor-element elementor-element-2a94a9a7 elementor-hidden-phone\" data-id=\"2a94a9a7\" data-element_type=\"column\">\n\t\t\t<div class=\"elementor-widget-wrap\">\n\t\t\t\t\t\t\t<\/div>\n\t\t<\/div>\n\t\t\t\t<div class=\"elementor-column elementor-col-50 elementor-top-column elementor-element elementor-element-21ffc856\" data-id=\"21ffc856\" data-element_type=\"column\">\n\t\t\t<div class=\"elementor-widget-wrap elementor-element-populated\">\n\t\t\t\t\t\t<div class=\"vamtam-has-theme-widget-styles elementor-element elementor-element-3e94447b elementor-widget elementor-widget-toggle\" data-id=\"3e94447b\" data-element_type=\"widget\" data-widget_type=\"toggle.default\">\n\t\t\t\t<div class=\"elementor-widget-container\">\n\t\t\t\t\t<div class=\"elementor-toggle\">\n\t\t\t\t\t\t\t<div class=\"elementor-toggle-item\">\n\t\t\t\t\t<div id=\"elementor-tab-title-1041\" class=\"elementor-tab-title\" data-tab=\"1\" role=\"button\" aria-controls=\"elementor-tab-content-1041\" aria-expanded=\"false\">\n\t\t\t\t\t\t\t\t\t\t\t\t<span class=\"elementor-toggle-icon elementor-toggle-icon-right\" aria-hidden=\"true\">\n\t\t\t\t\t\t\t\t\t\t\t\t\t\t\t<span class=\"elementor-toggle-icon-closed\"><i class=\"vamtamtheme- vamtam-theme-plus\"><\/i><\/span>\n\t\t\t\t\t\t\t\t<span class=\"elementor-toggle-icon-opened\"><i class=\"elementor-toggle-icon-opened vamtamtheme- vamtam-theme-minus\"><\/i><\/span>\n\t\t\t\t\t\t\t\t\t\t\t\t\t<\/span>\n\t\t\t\t\t\t\t\t\t\t\t\t<a class=\"elementor-toggle-title\" tabindex=\"0\">Detalii<\/a>\n\t\t\t\t\t<\/div>\n\n\t\t\t\t\t<div id=\"elementor-tab-content-1041\" class=\"elementor-tab-content elementor-clearfix\" data-tab=\"1\" role=\"region\" aria-labelledby=\"elementor-tab-title-1041\"><p>Produsele Coreana Biocos ofer\u0103 terapie de calitate superioar\u0103 pentru \u00eengrijirea pielii femeilor cu fiecare tip de piele.<\/p><\/div>\n\t\t\t\t<\/div>\n\t\t\t\t\t\t\t<div class=\"elementor-toggle-item\">\n\t\t\t\t\t<div id=\"elementor-tab-title-1042\" class=\"elementor-tab-title\" data-tab=\"2\" role=\"button\" aria-controls=\"elementor-tab-content-1042\" aria-expanded=\"false\">\n\t\t\t\t\t\t\t\t\t\t\t\t<span class=\"elementor-toggle-icon elementor-toggle-icon-right\" aria-hidden=\"true\">\n\t\t\t\t\t\t\t\t\t\t\t\t\t\t\t<span class=\"elementor-toggle-icon-closed\"><i class=\"vamtamtheme- vamtam-theme-plus\"><\/i><\/span>\n\t\t\t\t\t\t\t\t<span class=\"elementor-toggle-icon-opened\"><i class=\"elementor-toggle-icon-opened vamtamtheme- vamtam-theme-minus\"><\/i><\/span>\n\t\t\t\t\t\t\t\t\t\t\t\t\t<\/span>\n\t\t\t\t\t\t\t\t\t\t\t\t<a class=\"elementor-toggle-title\" tabindex=\"0\">Ingrediente<\/a>\n\t\t\t\t\t<\/div>\n\n\t\t\t\t\t<div id=\"elementor-tab-content-1042\" class=\"elementor-tab-content elementor-clearfix\" data-tab=\"2\" role=\"region\" aria-labelledby=\"elementor-tab-title-1042\"><p><span class=\"--l --r sentence_highlight\">Colagen, peptid\u0103, ceramid\u0103, <\/span><span class=\"--l --r sentence_highlight\">minerale, vitamina C, f\u0103r\u0103 parfum<\/span><\/p><\/div>\n\t\t\t\t<\/div>\n\t\t\t\t\t\t\t<div class=\"elementor-toggle-item\">\n\t\t\t\t\t<div id=\"elementor-tab-title-1043\" class=\"elementor-tab-title\" data-tab=\"3\" role=\"button\" aria-controls=\"elementor-tab-content-1043\" aria-expanded=\"false\">\n\t\t\t\t\t\t\t\t\t\t\t\t<span class=\"elementor-toggle-icon elementor-toggle-icon-right\" aria-hidden=\"true\">\n\t\t\t\t\t\t\t\t\t\t\t\t\t\t\t<span class=\"elementor-toggle-icon-closed\"><i class=\"vamtamtheme- vamtam-theme-plus\"><\/i><\/span>\n\t\t\t\t\t\t\t\t<span class=\"elementor-toggle-icon-opened\"><i class=\"elementor-toggle-icon-opened vamtamtheme- vamtam-theme-minus\"><\/i><\/span>\n\t\t\t\t\t\t\t\t\t\t\t\t\t<\/span>\n\t\t\t\t\t\t\t\t\t\t\t\t<a class=\"elementor-toggle-title\" tabindex=\"0\">Indica\u021bii de folosire<\/a>\n\t\t\t\t\t<\/div>\n\n\t\t\t\t\t<div id=\"elementor-tab-content-1043\" class=\"elementor-tab-content elementor-clearfix\" data-tab=\"3\" role=\"region\" aria-labelledby=\"elementor-tab-title-1043\"><p><span class=\"--l --r sentence_highlight\">V\u0103 rug\u0103m s\u0103 nu-l utiliza\u021bi dac\u0103 ave\u021bi o cicatrice pe fa\u021b\u0103.<\/span><span class=\"--l --r sentence_highlight\"> \u021aine\u021bi-l departe de copii.<\/span><span class=\"--l --r sentence_highlight\">\u00a0<span class=\"--l --r hover:bg-[#B4DAE8] hover:dark:bg-blue-next-600\">Foarte<\/span> <span class=\"--l --r hover:bg-[#B4DAE8] hover:dark:bg-blue-next-600\">recomandat<\/span> <span class=\"--l --r hover:bg-[#B4DAE8] hover:dark:bg-blue-next-600\">femeilor<\/span> <span class=\"--l --r hover:bg-[#B4DAE8] hover:dark:bg-blue-next-600\">care<\/span> <span class=\"--l --r hover:bg-[#B4DAE8] hover:dark:bg-blue-next-600\">au<\/span> <span class=\"--l --r hover:bg-[#B4DAE8] hover:dark:bg-blue-next-600\">nevoie<\/span> <span class=\"--l --r hover:bg-[#B4DAE8] hover:dark:bg-blue-next-600\">de<\/span> <span class=\"--l --r hover:bg-[#B4DAE8] hover:dark:bg-blue-next-600\">hidratare<\/span><span class=\"--l --r hover:bg-[#B4DAE8] hover:dark:bg-blue-next-600\">,<\/span> <span class=\"--l --r hover:bg-[#B4DAE8] hover:dark:bg-blue-next-600\">nutri\u021bie<\/span> <span class=\"--l --r hover:bg-[#B4DAE8] hover:dark:bg-blue-next-600\">\u0219i<\/span> <span class=\"--l --r hover:bg-[#B4DAE8] hover:dark:bg-blue-next-600\">albire<\/span><span class=\"--l --r hover:bg-[#B4DAE8] hover:dark:bg-blue-next-600\">.<\/span><br \/><br \/><\/span><\/p><\/div>\n\t\t\t\t<\/div>\n\t\t\t\t\t\t\t\t<\/div>\n\t\t\t\t<\/div>\n\t\t\t\t<\/div>\n\t\t\t\t\t<\/div>\n\t\t<\/div>\n\t\t\t\t\t<\/div>\n\t\t<\/section>\n\t\t\t\t<\/div>\n\t\t","protected":false},"excerpt":{"rendered":"<p><span class=\"--l --r sentence_highlight\">\u201eGolden Ampoule &amp; Booster PAD un mic lux pentru schimb\u0103rile pielii\u201d. <\/span><span class=\"--l --r sentence_highlight\">Trezirea luminii pielii mele. <\/span><span class=\"--l --r sentence_highlight\">Hidrateaz\u0103 \u0219i revitalizeaz\u0103 pielea mea uscat\u0103 pe tot parcursul zilei. <\/span><span class=\"--l --r sentence_highlight\">Restaureaz\u0103 condi\u021biile ini\u021biale ale pielii mele.<\/span><\/p>\n","protected":false},"featured_media":987765,"template":"","meta":[],"product_cat":[44],"product_tag":[],"class_list":{"0":"post-987761","1":"product","2":"type-product","3":"status-publish","4":"has-post-thumbnail","6":"product_cat-coreana-biocos","8":"first","9":"instock","10":"shipping-taxable","11":"purchasable","12":"product-type-simple"},"_links":{"self":[{"href":"https:\/\/coreana.ro\/ro_ro\/wp-json\/wp\/v2\/product\/987761","targetHints":{"allow":["GET"]}}],"collection":[{"href":"https:\/\/coreana.ro\/ro_ro\/wp-json\/wp\/v2\/product"}],"about":[{"href":"https:\/\/coreana.ro\/ro_ro\/wp-json\/wp\/v2\/types\/product"}],"version-history":[{"count":8,"href":"https:\/\/coreana.ro\/ro_ro\/wp-json\/wp\/v2\/product\/987761\/revisions"}],"predecessor-version":[{"id":987939,"href":"https:\/\/coreana.ro\/ro_ro\/wp-json\/wp\/v2\/product\/987761\/revisions\/987939"}],"wp:featuredmedia":[{"embeddable":true,"href":"https:\/\/coreana.ro\/ro_ro\/wp-json\/wp\/v2\/media\/987765"}],"wp:attachment":[{"href":"https:\/\/coreana.ro\/ro_ro\/wp-json\/wp\/v2\/media?parent=987761"}],"wp:term":[{"taxonomy":"product_cat","embeddable":true,"href":"https:\/\/coreana.ro\/ro_ro\/wp-json\/wp\/v2\/product_cat?post=987761"},{"taxonomy":"product_tag","embeddable":true,"href":"https:\/\/coreana.ro\/ro_ro\/wp-json\/wp\/v2\/product_tag?post=987761"}],"curies":[{"name":"wp","href":"https:\/\/api.w.org\/{rel}","templated":true}]}}