{"id":987734,"date":"2024-08-15T14:34:38","date_gmt":"2024-08-15T14:34:38","guid":{"rendered":"https:\/\/coreana.ro\/?post_type=product&#038;p=987734"},"modified":"2025-01-14T11:30:05","modified_gmt":"2025-01-14T11:30:05","slug":"coreana-biocos-24k-gold-perfect-collagen-ampoule-mask","status":"publish","type":"product","link":"https:\/\/coreana.ro\/ro_ro\/product\/coreana-biocos-24k-gold-perfect-collagen-ampoule-mask\/","title":{"rendered":"Coreana Biocos 24K Gold Perfect Collagen Ampoule Mask"},"content":{"rendered":"\t\t<div data-elementor-type=\"product-post\" data-elementor-id=\"987734\" class=\"elementor elementor-987734\" data-elementor-post-type=\"product\">\n\t\t\t\t\t\t<section class=\"elementor-section elementor-top-section elementor-element elementor-element-e4880d elementor-section-boxed elementor-section-height-default elementor-section-height-default\" data-id=\"e4880d\" data-element_type=\"section\">\n\t\t\t\t\t\t<div class=\"elementor-container elementor-column-gap-no\">\n\t\t\t\t\t<div class=\"elementor-column elementor-col-50 elementor-top-column elementor-element elementor-element-2a94a9a7 elementor-hidden-phone\" data-id=\"2a94a9a7\" data-element_type=\"column\">\n\t\t\t<div class=\"elementor-widget-wrap\">\n\t\t\t\t\t\t\t<\/div>\n\t\t<\/div>\n\t\t\t\t<div class=\"elementor-column elementor-col-50 elementor-top-column elementor-element elementor-element-21ffc856\" data-id=\"21ffc856\" data-element_type=\"column\">\n\t\t\t<div class=\"elementor-widget-wrap elementor-element-populated\">\n\t\t\t\t\t\t<div class=\"vamtam-has-theme-widget-styles elementor-element elementor-element-3e94447b elementor-widget elementor-widget-toggle\" data-id=\"3e94447b\" data-element_type=\"widget\" data-widget_type=\"toggle.default\">\n\t\t\t\t<div class=\"elementor-widget-container\">\n\t\t\t\t\t<div class=\"elementor-toggle\">\n\t\t\t\t\t\t\t<div class=\"elementor-toggle-item\">\n\t\t\t\t\t<div id=\"elementor-tab-title-1041\" class=\"elementor-tab-title\" data-tab=\"1\" role=\"button\" aria-controls=\"elementor-tab-content-1041\" aria-expanded=\"false\">\n\t\t\t\t\t\t\t\t\t\t\t\t<span class=\"elementor-toggle-icon elementor-toggle-icon-right\" aria-hidden=\"true\">\n\t\t\t\t\t\t\t\t\t\t\t\t\t\t\t<span class=\"elementor-toggle-icon-closed\"><i class=\"vamtamtheme- vamtam-theme-plus\"><\/i><\/span>\n\t\t\t\t\t\t\t\t<span class=\"elementor-toggle-icon-opened\"><i class=\"elementor-toggle-icon-opened vamtamtheme- vamtam-theme-minus\"><\/i><\/span>\n\t\t\t\t\t\t\t\t\t\t\t\t\t<\/span>\n\t\t\t\t\t\t\t\t\t\t\t\t<a class=\"elementor-toggle-title\" tabindex=\"0\">Detalii<\/a>\n\t\t\t\t\t<\/div>\n\n\t\t\t\t\t<div id=\"elementor-tab-content-1041\" class=\"elementor-tab-content elementor-clearfix\" data-tab=\"1\" role=\"region\" aria-labelledby=\"elementor-tab-title-1041\"><p><span class=\"--l --r sentence_highlight\">Masca Biocos 24k Gold are 3 culori pentru 3 tipuri diferite de piele:<br \/><\/span><span class=\"--l --r sentence_highlight\">&#8211; Biocos albastru ofer\u0103 ap\u0103 potrivit\u0103 pentru pielea uscat\u0103<br \/><\/span><span class=\"--l --r sentence_highlight\">&#8211; Biocos alb albe\u0219te pielea, pielea neuniform\u0103 cu mul\u021bi pistrui ar trebui s\u0103 utilizeze acest tip<br \/><\/span><span class=\"--l --r sentence_highlight\">&#8211; Biocos ro\u0219u ofer\u0103 colagen, ajut\u0103 la prevenirea \u00eemb\u0103tr\u00e2nirii pielii<\/span><\/p><\/div>\n\t\t\t\t<\/div>\n\t\t\t\t\t\t\t<div class=\"elementor-toggle-item\">\n\t\t\t\t\t<div id=\"elementor-tab-title-1042\" class=\"elementor-tab-title\" data-tab=\"2\" role=\"button\" aria-controls=\"elementor-tab-content-1042\" aria-expanded=\"false\">\n\t\t\t\t\t\t\t\t\t\t\t\t<span class=\"elementor-toggle-icon elementor-toggle-icon-right\" aria-hidden=\"true\">\n\t\t\t\t\t\t\t\t\t\t\t\t\t\t\t<span class=\"elementor-toggle-icon-closed\"><i class=\"vamtamtheme- vamtam-theme-plus\"><\/i><\/span>\n\t\t\t\t\t\t\t\t<span class=\"elementor-toggle-icon-opened\"><i class=\"elementor-toggle-icon-opened vamtamtheme- vamtam-theme-minus\"><\/i><\/span>\n\t\t\t\t\t\t\t\t\t\t\t\t\t<\/span>\n\t\t\t\t\t\t\t\t\t\t\t\t<a class=\"elementor-toggle-title\" tabindex=\"0\">Ingrediente<\/a>\n\t\t\t\t\t<\/div>\n\n\t\t\t\t\t<div id=\"elementor-tab-content-1042\" class=\"elementor-tab-content elementor-clearfix\" data-tab=\"2\" role=\"region\" aria-labelledby=\"elementor-tab-title-1042\"><p><span class=\"--l --r sentence_highlight\">24K aur nano,<\/span><span class=\"--l --r sentence_highlight\"> colagen hidrolizat, <\/span><span class=\"--l --r sentence_highlight\">extract din fructe de Noni, <\/span><span class=\"--l --r sentence_highlight\">extract de Morus alba L. (extract de mure)<\/span><\/p><\/div>\n\t\t\t\t<\/div>\n\t\t\t\t\t\t\t<div class=\"elementor-toggle-item\">\n\t\t\t\t\t<div id=\"elementor-tab-title-1043\" class=\"elementor-tab-title\" data-tab=\"3\" role=\"button\" aria-controls=\"elementor-tab-content-1043\" aria-expanded=\"false\">\n\t\t\t\t\t\t\t\t\t\t\t\t<span class=\"elementor-toggle-icon elementor-toggle-icon-right\" aria-hidden=\"true\">\n\t\t\t\t\t\t\t\t\t\t\t\t\t\t\t<span class=\"elementor-toggle-icon-closed\"><i class=\"vamtamtheme- vamtam-theme-plus\"><\/i><\/span>\n\t\t\t\t\t\t\t\t<span class=\"elementor-toggle-icon-opened\"><i class=\"elementor-toggle-icon-opened vamtamtheme- vamtam-theme-minus\"><\/i><\/span>\n\t\t\t\t\t\t\t\t\t\t\t\t\t<\/span>\n\t\t\t\t\t\t\t\t\t\t\t\t<a class=\"elementor-toggle-title\" tabindex=\"0\">Indica\u021bii de folosire<\/a>\n\t\t\t\t\t<\/div>\n\n\t\t\t\t\t<div id=\"elementor-tab-content-1043\" class=\"elementor-tab-content elementor-clearfix\" data-tab=\"3\" role=\"region\" aria-labelledby=\"elementor-tab-title-1043\"><p><span class=\"--l --r sentence_highlight\">&#8211; Cur\u0103\u021ba\u021bi pielea \u0219i folosi\u021bi ap\u0103 de trandafiri<br \/><\/span><span class=\"--l --r sentence_highlight\">&#8211; Rupe\u021bi pachetul mic de ser de pe masc\u0103 \u0219i aplica\u021bi uniform pe fa\u021b\u0103. <\/span><span class=\"--l --r sentence_highlight\">Apoi masa\u021bi pentru a ajuta serul s\u0103 p\u0103trund\u0103 mai bine \u00een piele.<br \/><\/span><span class=\"--l --r sentence_highlight\">&#8211; Apoi pune\u021bi masca.<br \/><br \/><\/span><span class=\"--l --r sentence_highlight\">Mai ales dac\u0103 folosi\u021bi un detergent facial pentru a masa \u00een timp ce aplica\u021bi masca, se simte extrem de relaxant. <\/span><span class=\"--l --r sentence_highlight\">Dup\u0103 ce sim\u021bi\u021bi c\u0103 masca este u\u0219or uscat\u0103, o pute\u021bi \u00eendep\u0103rta (aproximativ 10-15 minute). <\/span><span class=\"--l --r sentence_highlight\">Nu o \u00eendep\u0103rta\u021bi prea devreme, deoarece esen\u021ba nu a fost complet absorbit\u0103, ceea ce este o pierdere. <\/span><span class=\"--l --r sentence_highlight\">Nu o \u00eendep\u0103rta\u021bi prea t\u00e2rziu, deoarece atunci c\u00e2nd masca este uscat\u0103, esen\u021ba va fi absorbit\u0103 din nou.<\/span><\/p><\/div>\n\t\t\t\t<\/div>\n\t\t\t\t\t\t\t\t<\/div>\n\t\t\t\t<\/div>\n\t\t\t\t<\/div>\n\t\t\t\t\t<\/div>\n\t\t<\/div>\n\t\t\t\t\t<\/div>\n\t\t<\/section>\n\t\t\t\t<\/div>\n\t\t","protected":false},"excerpt":{"rendered":"<p><span class=\"--l --r sentence_highlight\">Respect\u0103-\u021bi pielea schimbat\u0103. <\/span><span class=\"--l --r sentence_highlight\">\u00centoarce\u021bi timpul pielii dvs. <\/span><span class=\"--l --r sentence_highlight\">\u00cengrijire anti-\u00eemb\u0103tr\u00e2nire total\u0103 cu un singur pachet de m\u0103\u0219ti. <\/span><span class=\"--l --r sentence_highlight\">O sticl\u0103 \u00eentreag\u0103 de esen\u021b\u0103 \u00eentr-o masc\u0103 din foi\u021b\u0103 de celuloz\u0103! <\/span><span class=\"--l --r sentence_highlight\">Test hipoalergenic finalizat f\u0103r\u0103 s\u0103 v\u0103 face\u021bi griji cu privire la pielea sensibil\u0103.<\/span><\/p>\n","protected":false},"featured_media":987735,"template":"","meta":[],"product_cat":[44],"product_tag":[],"class_list":{"0":"post-987734","1":"product","2":"type-product","3":"status-publish","4":"has-post-thumbnail","6":"product_cat-coreana-biocos","8":"first","9":"instock","10":"shipping-taxable","11":"purchasable","12":"product-type-simple"},"_links":{"self":[{"href":"https:\/\/coreana.ro\/ro_ro\/wp-json\/wp\/v2\/product\/987734","targetHints":{"allow":["GET"]}}],"collection":[{"href":"https:\/\/coreana.ro\/ro_ro\/wp-json\/wp\/v2\/product"}],"about":[{"href":"https:\/\/coreana.ro\/ro_ro\/wp-json\/wp\/v2\/types\/product"}],"version-history":[{"count":7,"href":"https:\/\/coreana.ro\/ro_ro\/wp-json\/wp\/v2\/product\/987734\/revisions"}],"predecessor-version":[{"id":988633,"href":"https:\/\/coreana.ro\/ro_ro\/wp-json\/wp\/v2\/product\/987734\/revisions\/988633"}],"wp:featuredmedia":[{"embeddable":true,"href":"https:\/\/coreana.ro\/ro_ro\/wp-json\/wp\/v2\/media\/987735"}],"wp:attachment":[{"href":"https:\/\/coreana.ro\/ro_ro\/wp-json\/wp\/v2\/media?parent=987734"}],"wp:term":[{"taxonomy":"product_cat","embeddable":true,"href":"https:\/\/coreana.ro\/ro_ro\/wp-json\/wp\/v2\/product_cat?post=987734"},{"taxonomy":"product_tag","embeddable":true,"href":"https:\/\/coreana.ro\/ro_ro\/wp-json\/wp\/v2\/product_tag?post=987734"}],"curies":[{"name":"wp","href":"https:\/\/api.w.org\/{rel}","templated":true}]}}