{"id":987730,"date":"2024-08-15T14:32:33","date_gmt":"2024-08-15T14:32:33","guid":{"rendered":"https:\/\/coreana.ro\/?post_type=product&#038;p=987730"},"modified":"2024-08-28T07:50:58","modified_gmt":"2024-08-28T07:50:58","slug":"beicos-peptide-eye-cream-2x-30g-enhanced-barriers-elasticity","status":"publish","type":"product","link":"https:\/\/coreana.ro\/ro_ro\/product\/beicos-peptide-eye-cream-2x-30g-enhanced-barriers-elasticity\/","title":{"rendered":"BEICOS Peptide Eye Cream 2X 30g &#8211; Enhanced Barriers &#038; Elasticity"},"content":{"rendered":"\t\t<div data-elementor-type=\"product-post\" data-elementor-id=\"987730\" class=\"elementor elementor-987730\" data-elementor-post-type=\"product\">\n\t\t\t\t\t\t<section class=\"elementor-section elementor-top-section elementor-element elementor-element-e4880d elementor-section-boxed elementor-section-height-default elementor-section-height-default\" data-id=\"e4880d\" data-element_type=\"section\">\n\t\t\t\t\t\t<div class=\"elementor-container elementor-column-gap-no\">\n\t\t\t\t\t<div class=\"elementor-column elementor-col-50 elementor-top-column elementor-element elementor-element-2a94a9a7 elementor-hidden-phone\" data-id=\"2a94a9a7\" data-element_type=\"column\">\n\t\t\t<div class=\"elementor-widget-wrap\">\n\t\t\t\t\t\t\t<\/div>\n\t\t<\/div>\n\t\t\t\t<div class=\"elementor-column elementor-col-50 elementor-top-column elementor-element elementor-element-21ffc856\" data-id=\"21ffc856\" data-element_type=\"column\">\n\t\t\t<div class=\"elementor-widget-wrap elementor-element-populated\">\n\t\t\t\t\t\t<div class=\"vamtam-has-theme-widget-styles elementor-element elementor-element-3e94447b elementor-widget elementor-widget-toggle\" data-id=\"3e94447b\" data-element_type=\"widget\" data-widget_type=\"toggle.default\">\n\t\t\t\t<div class=\"elementor-widget-container\">\n\t\t\t\t\t<div class=\"elementor-toggle\">\n\t\t\t\t\t\t\t<div class=\"elementor-toggle-item\">\n\t\t\t\t\t<div id=\"elementor-tab-title-1041\" class=\"elementor-tab-title\" data-tab=\"1\" role=\"button\" aria-controls=\"elementor-tab-content-1041\" aria-expanded=\"false\">\n\t\t\t\t\t\t\t\t\t\t\t\t<span class=\"elementor-toggle-icon elementor-toggle-icon-right\" aria-hidden=\"true\">\n\t\t\t\t\t\t\t\t\t\t\t\t\t\t\t<span class=\"elementor-toggle-icon-closed\"><i class=\"vamtamtheme- vamtam-theme-plus\"><\/i><\/span>\n\t\t\t\t\t\t\t\t<span class=\"elementor-toggle-icon-opened\"><i class=\"elementor-toggle-icon-opened vamtamtheme- vamtam-theme-minus\"><\/i><\/span>\n\t\t\t\t\t\t\t\t\t\t\t\t\t<\/span>\n\t\t\t\t\t\t\t\t\t\t\t\t<a class=\"elementor-toggle-title\" tabindex=\"0\">Detalii<\/a>\n\t\t\t\t\t<\/div>\n\n\t\t\t\t\t<div id=\"elementor-tab-content-1041\" class=\"elementor-tab-content elementor-clearfix\" data-tab=\"1\" role=\"region\" aria-labelledby=\"elementor-tab-title-1041\"><p><span class=\"--l --r hover:bg-[#B4DAE8] hover:dark:bg-blue-next-600\">Ajut\u0103<\/span> <span class=\"--l --r hover:bg-[#B4DAE8] hover:dark:bg-blue-next-600\">la<\/span> <span class=\"--l --r hover:bg-[#B4DAE8] hover:dark:bg-blue-next-600\">albirea<\/span> <span class=\"--l --r hover:bg-[#B4DAE8] hover:dark:bg-blue-next-600\">pielii<\/span> <span class=\"--l --r hover:bg-[#B4DAE8] hover:dark:bg-blue-next-600\">\u0219i<\/span> <span class=\"--l --r hover:bg-[#B4DAE8] hover:dark:bg-blue-next-600\">la<\/span> <span class=\"--l --r hover:bg-[#B4DAE8] hover:dark:bg-blue-next-600\"><span class=\"--l --r popup_anchor_highlight__with_key_targetContextEditing\">a<\/span>meliorarea<\/span> <span class=\"--l --r hover:bg-[#B4DAE8] hover:dark:bg-blue-next-600\">ridurilor<\/span><\/p><\/div>\n\t\t\t\t<\/div>\n\t\t\t\t\t\t\t<div class=\"elementor-toggle-item\">\n\t\t\t\t\t<div id=\"elementor-tab-title-1042\" class=\"elementor-tab-title\" data-tab=\"2\" role=\"button\" aria-controls=\"elementor-tab-content-1042\" aria-expanded=\"false\">\n\t\t\t\t\t\t\t\t\t\t\t\t<span class=\"elementor-toggle-icon elementor-toggle-icon-right\" aria-hidden=\"true\">\n\t\t\t\t\t\t\t\t\t\t\t\t\t\t\t<span class=\"elementor-toggle-icon-closed\"><i class=\"vamtamtheme- vamtam-theme-plus\"><\/i><\/span>\n\t\t\t\t\t\t\t\t<span class=\"elementor-toggle-icon-opened\"><i class=\"elementor-toggle-icon-opened vamtamtheme- vamtam-theme-minus\"><\/i><\/span>\n\t\t\t\t\t\t\t\t\t\t\t\t\t<\/span>\n\t\t\t\t\t\t\t\t\t\t\t\t<a class=\"elementor-toggle-title\" tabindex=\"0\">Ingrediente<\/a>\n\t\t\t\t\t<\/div>\n\n\t\t\t\t\t<div id=\"elementor-tab-content-1042\" class=\"elementor-tab-content elementor-clearfix\" data-tab=\"2\" role=\"region\" aria-labelledby=\"elementor-tab-title-1042\"><p>Complex de peptide atent selectate, niacinamid\u0103, ingredient brevetat pe baz\u0103 de plante<\/p><\/div>\n\t\t\t\t<\/div>\n\t\t\t\t\t\t\t<div class=\"elementor-toggle-item\">\n\t\t\t\t\t<div id=\"elementor-tab-title-1043\" class=\"elementor-tab-title\" data-tab=\"3\" role=\"button\" aria-controls=\"elementor-tab-content-1043\" aria-expanded=\"false\">\n\t\t\t\t\t\t\t\t\t\t\t\t<span class=\"elementor-toggle-icon elementor-toggle-icon-right\" aria-hidden=\"true\">\n\t\t\t\t\t\t\t\t\t\t\t\t\t\t\t<span class=\"elementor-toggle-icon-closed\"><i class=\"vamtamtheme- vamtam-theme-plus\"><\/i><\/span>\n\t\t\t\t\t\t\t\t<span class=\"elementor-toggle-icon-opened\"><i class=\"elementor-toggle-icon-opened vamtamtheme- vamtam-theme-minus\"><\/i><\/span>\n\t\t\t\t\t\t\t\t\t\t\t\t\t<\/span>\n\t\t\t\t\t\t\t\t\t\t\t\t<a class=\"elementor-toggle-title\" tabindex=\"0\">Informa\u021bii de folosire<\/a>\n\t\t\t\t\t<\/div>\n\n\t\t\t\t\t<div id=\"elementor-tab-content-1043\" class=\"elementor-tab-content elementor-clearfix\" data-tab=\"3\" role=\"region\" aria-labelledby=\"elementor-tab-title-1043\"><p><span class=\"--l --r sentence_highlight\">1. <\/span><span class=\"--l --r sentence_highlight\">Dac\u0103 apar simptome precum erup\u021bie cutanat\u0103, erup\u021bie (umflare), ihtizare etc. atunci c\u00e2nd sau dup\u0103 utilizarea produsului, opri\u021bi utilizarea acestuia \u0219i consulta\u021bi un medic.<br \/><\/span><span class=\"--l --r sentence_highlight\">2. <\/span><span class=\"--l --r sentence_highlight\">Nu aplica\u021bi pe r\u0103ni sau pe pielea r\u0103nit\u0103.<br \/><\/span><span class=\"--l --r sentence_highlight\">3. <\/span><span class=\"--l --r sentence_highlight\">Precau\u021bii pentru depozitare \u0219i manipulare<br \/><\/span><span class=\"--l --r sentence_highlight\">A) A nu se l\u0103sa la \u00eendem\u00e2na copiilor<br \/><\/span><span class=\"--l --r sentence_highlight\">B) A se p\u0103stra departe de lumina direct\u0103 a soarelui<\/span><\/p><\/div>\n\t\t\t\t<\/div>\n\t\t\t\t\t\t\t\t<\/div>\n\t\t\t\t<\/div>\n\t\t\t\t<\/div>\n\t\t\t\t\t<\/div>\n\t\t<\/div>\n\t\t\t\t\t<\/div>\n\t\t<\/section>\n\t\t\t\t<\/div>\n\t\t","protected":false},"excerpt":{"rendered":"<p><span class=\"--l --r popup_anchor_highlight__with_key_targetContextEditing\">O<\/span> \u00eengrijire de str\u0103lucire a elasticit\u0103\u021bii totale, care merge dincolo de crema de ochi pentru a bloca toate problemele pielii fe\u021bei.<\/p>\n","protected":false},"featured_media":987756,"template":"","meta":[],"product_cat":[37],"product_tag":[],"class_list":{"0":"post-987730","1":"product","2":"type-product","3":"status-publish","4":"has-post-thumbnail","6":"product_cat-beicos","8":"first","9":"instock","10":"shipping-taxable","11":"purchasable","12":"product-type-simple"},"_links":{"self":[{"href":"https:\/\/coreana.ro\/ro_ro\/wp-json\/wp\/v2\/product\/987730","targetHints":{"allow":["GET"]}}],"collection":[{"href":"https:\/\/coreana.ro\/ro_ro\/wp-json\/wp\/v2\/product"}],"about":[{"href":"https:\/\/coreana.ro\/ro_ro\/wp-json\/wp\/v2\/types\/product"}],"version-history":[{"count":8,"href":"https:\/\/coreana.ro\/ro_ro\/wp-json\/wp\/v2\/product\/987730\/revisions"}],"predecessor-version":[{"id":987914,"href":"https:\/\/coreana.ro\/ro_ro\/wp-json\/wp\/v2\/product\/987730\/revisions\/987914"}],"wp:featuredmedia":[{"embeddable":true,"href":"https:\/\/coreana.ro\/ro_ro\/wp-json\/wp\/v2\/media\/987756"}],"wp:attachment":[{"href":"https:\/\/coreana.ro\/ro_ro\/wp-json\/wp\/v2\/media?parent=987730"}],"wp:term":[{"taxonomy":"product_cat","embeddable":true,"href":"https:\/\/coreana.ro\/ro_ro\/wp-json\/wp\/v2\/product_cat?post=987730"},{"taxonomy":"product_tag","embeddable":true,"href":"https:\/\/coreana.ro\/ro_ro\/wp-json\/wp\/v2\/product_tag?post=987730"}],"curies":[{"name":"wp","href":"https:\/\/api.w.org\/{rel}","templated":true}]}}