{"id":987720,"date":"2024-08-15T14:24:37","date_gmt":"2024-08-15T14:24:37","guid":{"rendered":"https:\/\/coreana.ro\/?post_type=product&#038;p=987720"},"modified":"2024-09-04T11:25:33","modified_gmt":"2024-09-04T11:25:33","slug":"beicos-awesome-peptide-sun-care-uv-protection-care","status":"publish","type":"product","link":"https:\/\/coreana.ro\/ro_ro\/product\/beicos-awesome-peptide-sun-care-uv-protection-care\/","title":{"rendered":"BEICOS Awesome Peptide Sun Care UV Protection Care SPF50+"},"content":{"rendered":"\t\t<div data-elementor-type=\"product-post\" data-elementor-id=\"987720\" class=\"elementor elementor-987720\" data-elementor-post-type=\"product\">\n\t\t\t\t\t\t<section class=\"elementor-section elementor-top-section elementor-element elementor-element-e4880d elementor-section-boxed elementor-section-height-default elementor-section-height-default\" data-id=\"e4880d\" data-element_type=\"section\">\n\t\t\t\t\t\t<div class=\"elementor-container elementor-column-gap-no\">\n\t\t\t\t\t<div class=\"elementor-column elementor-col-50 elementor-top-column elementor-element elementor-element-2a94a9a7 elementor-hidden-phone\" data-id=\"2a94a9a7\" data-element_type=\"column\">\n\t\t\t<div class=\"elementor-widget-wrap\">\n\t\t\t\t\t\t\t<\/div>\n\t\t<\/div>\n\t\t\t\t<div class=\"elementor-column elementor-col-50 elementor-top-column elementor-element elementor-element-21ffc856\" data-id=\"21ffc856\" data-element_type=\"column\">\n\t\t\t<div class=\"elementor-widget-wrap elementor-element-populated\">\n\t\t\t\t\t\t<div class=\"vamtam-has-theme-widget-styles elementor-element elementor-element-3e94447b elementor-widget elementor-widget-toggle\" data-id=\"3e94447b\" data-element_type=\"widget\" data-widget_type=\"toggle.default\">\n\t\t\t\t<div class=\"elementor-widget-container\">\n\t\t\t\t\t<div class=\"elementor-toggle\">\n\t\t\t\t\t\t\t<div class=\"elementor-toggle-item\">\n\t\t\t\t\t<div id=\"elementor-tab-title-1041\" class=\"elementor-tab-title\" data-tab=\"1\" role=\"button\" aria-controls=\"elementor-tab-content-1041\" aria-expanded=\"false\">\n\t\t\t\t\t\t\t\t\t\t\t\t<span class=\"elementor-toggle-icon elementor-toggle-icon-right\" aria-hidden=\"true\">\n\t\t\t\t\t\t\t\t\t\t\t\t\t\t\t<span class=\"elementor-toggle-icon-closed\"><i class=\"vamtamtheme- vamtam-theme-plus\"><\/i><\/span>\n\t\t\t\t\t\t\t\t<span class=\"elementor-toggle-icon-opened\"><i class=\"elementor-toggle-icon-opened vamtamtheme- vamtam-theme-minus\"><\/i><\/span>\n\t\t\t\t\t\t\t\t\t\t\t\t\t<\/span>\n\t\t\t\t\t\t\t\t\t\t\t\t<a class=\"elementor-toggle-title\" tabindex=\"0\">Detalii<\/a>\n\t\t\t\t\t<\/div>\n\n\t\t\t\t\t<div id=\"elementor-tab-content-1041\" class=\"elementor-tab-content elementor-clearfix\" data-tab=\"1\" role=\"region\" aria-labelledby=\"elementor-tab-title-1041\"><p><span class=\"--l --r popup_anchor_highlight__with_key_targetContextEditing\">P<\/span>rodusele liniei Beicos Peptide Awesome ofer\u0103 o terapie de albire \u0219i \u00eengrijire a ridurilor de calitate superioar\u0103, ajut\u00e2nd la formarea colagenului \u0219i a peptidelor \u00een interiorul celulelor pielii.<\/p><\/div>\n\t\t\t\t<\/div>\n\t\t\t\t\t\t\t<div class=\"elementor-toggle-item\">\n\t\t\t\t\t<div id=\"elementor-tab-title-1042\" class=\"elementor-tab-title\" data-tab=\"2\" role=\"button\" aria-controls=\"elementor-tab-content-1042\" aria-expanded=\"false\">\n\t\t\t\t\t\t\t\t\t\t\t\t<span class=\"elementor-toggle-icon elementor-toggle-icon-right\" aria-hidden=\"true\">\n\t\t\t\t\t\t\t\t\t\t\t\t\t\t\t<span class=\"elementor-toggle-icon-closed\"><i class=\"vamtamtheme- vamtam-theme-plus\"><\/i><\/span>\n\t\t\t\t\t\t\t\t<span class=\"elementor-toggle-icon-opened\"><i class=\"elementor-toggle-icon-opened vamtamtheme- vamtam-theme-minus\"><\/i><\/span>\n\t\t\t\t\t\t\t\t\t\t\t\t\t<\/span>\n\t\t\t\t\t\t\t\t\t\t\t\t<a class=\"elementor-toggle-title\" tabindex=\"0\">Ingredient principal<\/a>\n\t\t\t\t\t<\/div>\n\n\t\t\t\t\t<div id=\"elementor-tab-content-1042\" class=\"elementor-tab-content elementor-clearfix\" data-tab=\"2\" role=\"region\" aria-labelledby=\"elementor-tab-title-1042\"><p>Peptide<\/p><\/div>\n\t\t\t\t<\/div>\n\t\t\t\t\t\t\t<div class=\"elementor-toggle-item\">\n\t\t\t\t\t<div id=\"elementor-tab-title-1043\" class=\"elementor-tab-title\" data-tab=\"3\" role=\"button\" aria-controls=\"elementor-tab-content-1043\" aria-expanded=\"false\">\n\t\t\t\t\t\t\t\t\t\t\t\t<span class=\"elementor-toggle-icon elementor-toggle-icon-right\" aria-hidden=\"true\">\n\t\t\t\t\t\t\t\t\t\t\t\t\t\t\t<span class=\"elementor-toggle-icon-closed\"><i class=\"vamtamtheme- vamtam-theme-plus\"><\/i><\/span>\n\t\t\t\t\t\t\t\t<span class=\"elementor-toggle-icon-opened\"><i class=\"elementor-toggle-icon-opened vamtamtheme- vamtam-theme-minus\"><\/i><\/span>\n\t\t\t\t\t\t\t\t\t\t\t\t\t<\/span>\n\t\t\t\t\t\t\t\t\t\t\t\t<a class=\"elementor-toggle-title\" tabindex=\"0\">Indica\u021bii de folosire<\/a>\n\t\t\t\t\t<\/div>\n\n\t\t\t\t\t<div id=\"elementor-tab-content-1043\" class=\"elementor-tab-content elementor-clearfix\" data-tab=\"3\" role=\"region\" aria-labelledby=\"elementor-tab-title-1043\"><p><span class=\"--l --r sentence_highlight\">V\u0103 rug\u0103m s\u0103 nu-l utiliza\u021bi dac\u0103 ave\u021bi o cicatrice pe fa\u021b\u0103.<\/span><span class=\"--l --r sentence_highlight\">\u00a0\u021aine\u021bi-l departe de copii.<\/span><\/p><\/div>\n\t\t\t\t<\/div>\n\t\t\t\t\t\t\t\t<\/div>\n\t\t\t\t<\/div>\n\t\t\t\t<\/div>\n\t\t\t\t\t<\/div>\n\t\t<\/div>\n\t\t\t\t\t<\/div>\n\t\t<\/section>\n\t\t\t\t<\/div>\n\t\t","protected":false},"excerpt":{"rendered":"<p><span class=\"--l --r popup_anchor_highlight__with_key_targetContextEditing\">P<\/span>rodusele liniei Beicos Peptide Awesome SPF50+ ofer\u0103 o terapie de albire \u0219i \u00eengrijire a ridurilor de calitate superioar\u0103, ajut\u00e2nd la formarea colagenului \u0219i a peptidelor \u00een interiorul celulelor pielii.<\/p>\n","protected":false},"featured_media":987721,"template":"","meta":[],"product_cat":[37],"product_tag":[],"class_list":{"0":"post-987720","1":"product","2":"type-product","3":"status-publish","4":"has-post-thumbnail","6":"product_cat-beicos","8":"first","9":"instock","10":"shipping-taxable","11":"purchasable","12":"product-type-simple"},"_links":{"self":[{"href":"https:\/\/coreana.ro\/ro_ro\/wp-json\/wp\/v2\/product\/987720","targetHints":{"allow":["GET"]}}],"collection":[{"href":"https:\/\/coreana.ro\/ro_ro\/wp-json\/wp\/v2\/product"}],"about":[{"href":"https:\/\/coreana.ro\/ro_ro\/wp-json\/wp\/v2\/types\/product"}],"version-history":[{"count":14,"href":"https:\/\/coreana.ro\/ro_ro\/wp-json\/wp\/v2\/product\/987720\/revisions"}],"predecessor-version":[{"id":988107,"href":"https:\/\/coreana.ro\/ro_ro\/wp-json\/wp\/v2\/product\/987720\/revisions\/988107"}],"wp:featuredmedia":[{"embeddable":true,"href":"https:\/\/coreana.ro\/ro_ro\/wp-json\/wp\/v2\/media\/987721"}],"wp:attachment":[{"href":"https:\/\/coreana.ro\/ro_ro\/wp-json\/wp\/v2\/media?parent=987720"}],"wp:term":[{"taxonomy":"product_cat","embeddable":true,"href":"https:\/\/coreana.ro\/ro_ro\/wp-json\/wp\/v2\/product_cat?post=987720"},{"taxonomy":"product_tag","embeddable":true,"href":"https:\/\/coreana.ro\/ro_ro\/wp-json\/wp\/v2\/product_tag?post=987720"}],"curies":[{"name":"wp","href":"https:\/\/api.w.org\/{rel}","templated":true}]}}